{"id":156,"date":"2019-09-19T06:33:46","date_gmt":"2019-09-19T04:33:46","guid":{"rendered":"http:\/\/www.netx4u.de\/?page_id=156"},"modified":"2020-04-15T16:02:09","modified_gmt":"2020-04-15T14:02:09","slug":"winscp-sitzungen-sichern","status":"publish","type":"page","link":"https:\/\/wp.netx4u.de\/?page_id=156","title":{"rendered":"WinSCP Sitzungen sichern"},"content":{"rendered":"\r\n<p><\/p>\r\n\r\n\r\n\r\n<p><a href=\"https:\/\/winscp.net\/eng\/index.php\" target=\"_blank\" rel=\"noreferrer noopener\" aria-label=\" (\u00f6ffnet in neuem Tab)\">WinSCP<\/a>\u00a0ist ein freier SFTP, SCP und FTP Client f\u00fcr Windows<\/p>\r\n\r\n\r\n\r\n<p>Hier eine kurze Anleitung zum sichern und einspielen seiner gespeicherten WinSCP Sitzungen, die normalerweise in der Regisrtry gespeichert sind. Die WinSCP Verbindungen k\u00f6nnen auch in eine Datei ausgelagert werden. Diese kann dann auch auf einem anderen Rechner kopiert werden.<\/p>\r\n\r\n\r\n\r\n<p>\u00d6ffnet euer WinSCP und baut irgendeine Verbindung auf. Geht in Einstellungen und nochmals auf Einstellungen (Strg-Alt-P) Auf der linken Seite auf Speicher, Speicherort f\u00fcr Konfiguration auf \u201eINI Datei (WinSCP.ini) stellen und WinSCP schlie\u00dfen. Diese sollte sich jetzt in folgendem Ordner befinden: \u201e\ufeffC:\\Users\\name\\AppData\\Local\\VirtualStore\\Program Files (x86)\\WinSCP\\\u201c WinSCP.ini sichern. Andere Orte sind auch m\u00f6glich, je nach eigenem Bedarf. Auf eurem neuen Rechner m\u00fcsst Ihr nach der WinSCP installation auch erstmal eine Verbindung aufbauen und dieses Anhand der Anleitung auf WinSCP.ini umstellen.<\/p>\r\n\r\n\r\n\r\n<figure class=\"wp-block-image\"><img loading=\"lazy\" decoding=\"async\" width=\"689\" height=\"593\" src=\"https:\/\/netx4u.de\/wp-content\/uploads\/2019\/09\/WinSCP-ini-Einstellungen.png\" alt=\"\" class=\"wp-image-157\" srcset=\"https:\/\/wp.netx4u.de\/wp-content\/uploads\/2019\/09\/WinSCP-ini-Einstellungen.png 689w, https:\/\/wp.netx4u.de\/wp-content\/uploads\/2019\/09\/WinSCP-ini-Einstellungen-300x258.png 300w\" sizes=\"auto, (max-width: 689px) 100vw, 689px\" \/><\/figure>\r\n\r\n\r\n\r\n<p>Jetzt nur noch die neue leere WinSCP.ini gegen die bereits gesicherte ersetzen. Nat\u00fcrlich kann ein Umzug\/Backup auch aus der Registry gemacht werden, exportiere aus regedit.exe heraus HKEY_CURRENT_USER\\Software\\Martin Prikryl\\WinSCP 2\\Sessions\\<\/p>\r\n\r\n\r\n\r\n<p>Anmerkung zum Export\/Import auf unterschiedlichen Rechnern und SSH Schl\u00fcsseln. Damit importierte Konfiguration funktionieren, ist f\u00fcr die Schl\u00fcssel der gleiche Ablageort zu w\u00e4hlen. Beispiel: C:.SSH Die Fehlermeldung f\u00fcr lokale Verzeichnisse nur mit ok Best\u00e4tigen. Sollen nur einzelne Sessions exportiert werden, belasse die WinSCP Konfiguration auf Registry und exportiere aus HKEY_CURRENT_USER\\Software\\Martin Prikryl\\WinSCP 2\\Sessions\\ nur die gew\u00fcnschte Session.<\/p>\r\n","protected":false},"excerpt":{"rendered":"<p>WinSCP\u00a0ist ein freier SFTP, SCP und FTP Client f\u00fcr Windows Hier eine kurze Anleitung zum sichern und einspielen seiner gespeicherten WinSCP Sitzungen, die normalerweise in der Regisrtry gespeichert sind. Die WinSCP Verbindungen k\u00f6nnen auch in eine Datei ausgelagert werden. Diese kann dann auch auf einem anderen Rechner kopiert werden. \u00d6ffnet euer WinSCP und baut irgendeine [&hellip;]<\/p>\n","protected":false},"author":1,"featured_media":0,"parent":0,"menu_order":0,"comment_status":"closed","ping_status":"closed","template":"","meta":{"footnotes":""},"class_list":["post-156","page","type-page","status-publish","hentry"],"_links":{"self":[{"href":"https:\/\/wp.netx4u.de\/index.php?rest_route=\/wp\/v2\/pages\/156","targetHints":{"allow":["GET"]}}],"collection":[{"href":"https:\/\/wp.netx4u.de\/index.php?rest_route=\/wp\/v2\/pages"}],"about":[{"href":"https:\/\/wp.netx4u.de\/index.php?rest_route=\/wp\/v2\/types\/page"}],"author":[{"embeddable":true,"href":"https:\/\/wp.netx4u.de\/index.php?rest_route=\/wp\/v2\/users\/1"}],"replies":[{"embeddable":true,"href":"https:\/\/wp.netx4u.de\/index.php?rest_route=%2Fwp%2Fv2%2Fcomments&post=156"}],"version-history":[{"count":2,"href":"https:\/\/wp.netx4u.de\/index.php?rest_route=\/wp\/v2\/pages\/156\/revisions"}],"predecessor-version":[{"id":198,"href":"https:\/\/wp.netx4u.de\/index.php?rest_route=\/wp\/v2\/pages\/156\/revisions\/198"}],"wp:attachment":[{"href":"https:\/\/wp.netx4u.de\/index.php?rest_route=%2Fwp%2Fv2%2Fmedia&parent=156"}],"curies":[{"name":"wp","href":"https:\/\/api.w.org\/{rel}","templated":true}]}}